{"id":1029,"date":"2019-10-02T09:03:54","date_gmt":"2019-10-02T07:03:54","guid":{"rendered":"https:\/\/bikeandstay.no\/om-oss\/"},"modified":"2019-10-02T09:06:03","modified_gmt":"2019-10-02T07:06:03","slug":"om-oss","status":"publish","type":"page","link":"https:\/\/bikeandstay.no\/sv\/om-oss\/","title":{"rendered":"Om oss"},"content":{"rendered":"\t\t<div data-elementor-type=\"wp-page\" data-elementor-id=\"1029\" class=\"elementor elementor-1029 elementor-62\" data-elementor-post-type=\"page\">\n\t\t\t\t\t\t\t\t\t<section class=\"elementor-section elementor-top-section elementor-element elementor-element-52928fa elementor-section-boxed elementor-section-height-default elementor-section-height-default\" data-id=\"52928fa\" data-element_type=\"section\">\n\t\t\t\t\t\t<div class=\"elementor-container elementor-column-gap-default\">\n\t\t\t\t\t<div class=\"elementor-column elementor-col-100 elementor-top-column elementor-element elementor-element-918d23d\" data-id=\"918d23d\" data-element_type=\"column\">\n\t\t\t<div class=\"elementor-widget-wrap elementor-element-populated\">\n\t\t\t\t\t\t\t\t<div class=\"elementor-element elementor-element-0611838 elementor-widget elementor-widget-heading\" data-id=\"0611838\" data-element_type=\"widget\" data-widget_type=\"heading.default\">\n\t\t\t\t<div class=\"elementor-widget-container\">\n\t\t\t<h1 class=\"elementor-heading-title elementor-size-default\">Om oss<\/h1>\t\t<\/div>\n\t\t\t\t<\/div>\n\t\t\t\t\t<\/div>\n\t\t<\/div>\n\t\t\t\t\t\t\t<\/div>\n\t\t<\/section>\n\t\t\t\t<section class=\"elementor-section elementor-top-section elementor-element elementor-element-c4ba0d8 elementor-section-boxed elementor-section-height-default elementor-section-height-default\" data-id=\"c4ba0d8\" data-element_type=\"section\">\n\t\t\t\t\t\t<div class=\"elementor-container elementor-column-gap-default\">\n\t\t\t\t\t<div class=\"elementor-column elementor-col-50 elementor-top-column elementor-element elementor-element-73e5d36\" data-id=\"73e5d36\" data-element_type=\"column\">\n\t\t\t<div class=\"elementor-widget-wrap elementor-element-populated\">\n\t\t\t\t\t\t\t\t<div class=\"elementor-element elementor-element-f37f588 elementor-widget elementor-widget-text-editor\" data-id=\"f37f588\" data-element_type=\"widget\" data-widget_type=\"text-editor.default\">\n\t\t\t\t<div class=\"elementor-widget-container\">\n\t\t\t\t\t\t\t<p>Vi har f\u00f6rmedlat boenden p\u00e5 Mallorca i \u00f6ver 12 \u00e5r och besitter d\u00e4rf\u00f6r mycket kunskap om \u00f6n och vet vilka hotell som \u00e4r \u00e4r l\u00e4mpliga f\u00f6r en kr\u00e4sen cyklist, en aktiv turist eller f\u00f6r en avslappnad badsemester. Lyft blicken, ta en paus och insup allt \u00f6n kan bjuda p\u00e5. Katedralen, kloster, ruiner, v\u00e4derkvarnar! Nationalparker, ving\u00e5rdar, fiskehamnar, grottor, apelsinplantager, olivlundar, mandeltr\u00e4d, havsvikar! Marknader, gormetrestauranger, tapasbarer, vinprovning och m\u00e5nga lokala fiestor d\u00e4r hela byn deltar i festligheterna! Vi tipsar g\u00e4rna om det som vi \u00e4lskar h\u00e4r!<\/p>\n<p><img decoding=\"async\" loading=\"lazy\" class=\"alignnone wp-image-347\" src=\"\/wp-content\/uploads\/eva_signature.jpg\" alt=\"\" width=\"186\" height=\"32\" srcset=\"https:\/\/bikeandstay.no\/wp-content\/uploads\/eva_signature.jpg 367w, https:\/\/bikeandstay.no\/wp-content\/uploads\/eva_signature-300x51.jpg 300w\" sizes=\"(max-width: 186px) 100vw, 186px\" \/><span style=\"font-size: 1rem;\"><br \/>\n<\/span><\/p>\n\t\t\t\t\t\t<\/div>\n\t\t\t\t<\/div>\n\t\t\t\t\t<\/div>\n\t\t<\/div>\n\t\t\t\t<div class=\"elementor-column elementor-col-50 elementor-top-column elementor-element elementor-element-a5c7888\" data-id=\"a5c7888\" data-element_type=\"column\">\n\t\t\t<div class=\"elementor-widget-wrap elementor-element-populated\">\n\t\t\t\t\t\t\t\t<div class=\"elementor-element elementor-element-ecee62b elementor-widget elementor-widget-image\" data-id=\"ecee62b\" data-element_type=\"widget\" data-widget_type=\"image.default\">\n\t\t\t\t<div class=\"elementor-widget-container\">\n\t\t\t\t\t\t\t\t\t\t\t\t\t\t\t<img decoding=\"async\" loading=\"lazy\" width=\"540\" height=\"360\" src=\"https:\/\/bikeandstay.no\/wp-content\/uploads\/allcudia_front.jpg\" class=\"attachment-full size-full wp-image-196\" alt=\"\" srcset=\"https:\/\/bikeandstay.no\/wp-content\/uploads\/allcudia_front.jpg 540w, https:\/\/bikeandstay.no\/wp-content\/uploads\/allcudia_front-300x200.jpg 300w\" sizes=\"(max-width: 540px) 100vw, 540px\" \/>\t\t\t\t\t\t\t\t\t\t\t\t\t\t\t<\/div>\n\t\t\t\t<\/div>\n\t\t\t\t\t<\/div>\n\t\t<\/div>\n\t\t\t\t\t\t\t<\/div>\n\t\t<\/section>\n\t\t\t\t\t\t\t<\/div>\n\t\t","protected":false},"excerpt":{"rendered":"<p>Om oss Vi har f\u00f6rmedlat boenden p\u00e5 Mallorca i \u00f6ver 12 \u00e5r och besitter d\u00e4rf\u00f6r mycket kunskap om \u00f6n och vet vilka hotell som \u00e4r \u00e4r l\u00e4mpliga f\u00f6r en kr\u00e4sen cyklist, en aktiv turist eller f\u00f6r en avslappnad badsemester. Lyft blicken, ta en paus och insup allt \u00f6n kan bjuda p\u00e5. Katedralen, kloster, ruiner, v\u00e4derkvarnar! [&hellip;]<\/p>\n","protected":false},"author":1,"featured_media":0,"parent":0,"menu_order":0,"comment_status":"closed","ping_status":"closed","template":"","meta":{"footnotes":""},"yoast_head":"<!-- This site is optimized with the Yoast SEO plugin v21.1 - https:\/\/yoast.com\/wordpress\/plugins\/seo\/ -->\n<title>Om oss - Bike and stay<\/title>\n<meta name=\"robots\" content=\"index, follow, max-snippet:-1, max-image-preview:large, max-video-preview:-1\" \/>\n<link rel=\"canonical\" href=\"https:\/\/bikeandstay.no\/sv\/om-oss\/\" \/>\n<meta property=\"og:locale\" content=\"sv_SE\" \/>\n<meta property=\"og:type\" content=\"article\" \/>\n<meta property=\"og:title\" content=\"Om oss - Bike and stay\" \/>\n<meta property=\"og:description\" content=\"Om oss Vi har f\u00f6rmedlat boenden p\u00e5 Mallorca i \u00f6ver 12 \u00e5r och besitter d\u00e4rf\u00f6r mycket kunskap om \u00f6n och vet vilka hotell som \u00e4r \u00e4r l\u00e4mpliga f\u00f6r en kr\u00e4sen cyklist, en aktiv turist eller f\u00f6r en avslappnad badsemester. Lyft blicken, ta en paus och insup allt \u00f6n kan bjuda p\u00e5. Katedralen, kloster, ruiner, v\u00e4derkvarnar! [&hellip;]\" \/>\n<meta property=\"og:url\" content=\"https:\/\/bikeandstay.no\/sv\/om-oss\/\" \/>\n<meta property=\"og:site_name\" content=\"Bike and stay\" \/>\n<meta property=\"article:modified_time\" content=\"2019-10-02T07:06:03+00:00\" \/>\n<meta property=\"og:image\" content=\"https:\/\/bikeandstay.no\/wp-content\/uploads\/allcudia_front.jpg\" \/>\n<meta name=\"twitter:card\" content=\"summary_large_image\" \/>\n<script type=\"application\/ld+json\" class=\"yoast-schema-graph\">{\"@context\":\"https:\/\/schema.org\",\"@graph\":[{\"@type\":\"WebPage\",\"@id\":\"https:\/\/bikeandstay.no\/sv\/om-oss\/\",\"url\":\"https:\/\/bikeandstay.no\/sv\/om-oss\/\",\"name\":\"Om oss - Bike and stay\",\"isPartOf\":{\"@id\":\"https:\/\/bikeandstay.no\/#website\"},\"datePublished\":\"2019-10-02T07:03:54+00:00\",\"dateModified\":\"2019-10-02T07:06:03+00:00\",\"breadcrumb\":{\"@id\":\"https:\/\/bikeandstay.no\/sv\/om-oss\/#breadcrumb\"},\"inLanguage\":\"sv-SE\",\"potentialAction\":[{\"@type\":\"ReadAction\",\"target\":[\"https:\/\/bikeandstay.no\/sv\/om-oss\/\"]}]},{\"@type\":\"BreadcrumbList\",\"@id\":\"https:\/\/bikeandstay.no\/sv\/om-oss\/#breadcrumb\",\"itemListElement\":[{\"@type\":\"ListItem\",\"position\":1,\"name\":\"Home\",\"item\":\"https:\/\/bikeandstay.no\/sv\/\"},{\"@type\":\"ListItem\",\"position\":2,\"name\":\"Om oss\"}]},{\"@type\":\"WebSite\",\"@id\":\"https:\/\/bikeandstay.no\/#website\",\"url\":\"https:\/\/bikeandstay.no\/\",\"name\":\"Bike and stay\",\"description\":\"\",\"potentialAction\":[{\"@type\":\"SearchAction\",\"target\":{\"@type\":\"EntryPoint\",\"urlTemplate\":\"https:\/\/bikeandstay.no\/?s={search_term_string}\"},\"query-input\":\"required name=search_term_string\"}],\"inLanguage\":\"sv-SE\"}]}<\/script>\n<!-- \/ Yoast SEO plugin. -->","yoast_head_json":{"title":"Om oss - Bike and stay","robots":{"index":"index","follow":"follow","max-snippet":"max-snippet:-1","max-image-preview":"max-image-preview:large","max-video-preview":"max-video-preview:-1"},"canonical":"https:\/\/bikeandstay.no\/sv\/om-oss\/","og_locale":"sv_SE","og_type":"article","og_title":"Om oss - Bike and stay","og_description":"Om oss Vi har f\u00f6rmedlat boenden p\u00e5 Mallorca i \u00f6ver 12 \u00e5r och besitter d\u00e4rf\u00f6r mycket kunskap om \u00f6n och vet vilka hotell som \u00e4r \u00e4r l\u00e4mpliga f\u00f6r en kr\u00e4sen cyklist, en aktiv turist eller f\u00f6r en avslappnad badsemester. Lyft blicken, ta en paus och insup allt \u00f6n kan bjuda p\u00e5. Katedralen, kloster, ruiner, v\u00e4derkvarnar! [&hellip;]","og_url":"https:\/\/bikeandstay.no\/sv\/om-oss\/","og_site_name":"Bike and stay","article_modified_time":"2019-10-02T07:06:03+00:00","og_image":[{"url":"https:\/\/bikeandstay.no\/wp-content\/uploads\/allcudia_front.jpg"}],"twitter_card":"summary_large_image","schema":{"@context":"https:\/\/schema.org","@graph":[{"@type":"WebPage","@id":"https:\/\/bikeandstay.no\/sv\/om-oss\/","url":"https:\/\/bikeandstay.no\/sv\/om-oss\/","name":"Om oss - Bike and stay","isPartOf":{"@id":"https:\/\/bikeandstay.no\/#website"},"datePublished":"2019-10-02T07:03:54+00:00","dateModified":"2019-10-02T07:06:03+00:00","breadcrumb":{"@id":"https:\/\/bikeandstay.no\/sv\/om-oss\/#breadcrumb"},"inLanguage":"sv-SE","potentialAction":[{"@type":"ReadAction","target":["https:\/\/bikeandstay.no\/sv\/om-oss\/"]}]},{"@type":"BreadcrumbList","@id":"https:\/\/bikeandstay.no\/sv\/om-oss\/#breadcrumb","itemListElement":[{"@type":"ListItem","position":1,"name":"Home","item":"https:\/\/bikeandstay.no\/sv\/"},{"@type":"ListItem","position":2,"name":"Om oss"}]},{"@type":"WebSite","@id":"https:\/\/bikeandstay.no\/#website","url":"https:\/\/bikeandstay.no\/","name":"Bike and stay","description":"","potentialAction":[{"@type":"SearchAction","target":{"@type":"EntryPoint","urlTemplate":"https:\/\/bikeandstay.no\/?s={search_term_string}"},"query-input":"required name=search_term_string"}],"inLanguage":"sv-SE"}]}},"_links":{"self":[{"href":"https:\/\/bikeandstay.no\/sv\/wp-json\/wp\/v2\/pages\/1029"}],"collection":[{"href":"https:\/\/bikeandstay.no\/sv\/wp-json\/wp\/v2\/pages"}],"about":[{"href":"https:\/\/bikeandstay.no\/sv\/wp-json\/wp\/v2\/types\/page"}],"author":[{"embeddable":true,"href":"https:\/\/bikeandstay.no\/sv\/wp-json\/wp\/v2\/users\/1"}],"replies":[{"embeddable":true,"href":"https:\/\/bikeandstay.no\/sv\/wp-json\/wp\/v2\/comments?post=1029"}],"version-history":[{"count":1,"href":"https:\/\/bikeandstay.no\/sv\/wp-json\/wp\/v2\/pages\/1029\/revisions"}],"predecessor-version":[{"id":1030,"href":"https:\/\/bikeandstay.no\/sv\/wp-json\/wp\/v2\/pages\/1029\/revisions\/1030"}],"wp:attachment":[{"href":"https:\/\/bikeandstay.no\/sv\/wp-json\/wp\/v2\/media?parent=1029"}],"curies":[{"name":"wp","href":"https:\/\/api.w.org\/{rel}","templated":true}]}}