{"id":1053,"date":"2019-09-09T14:25:56","date_gmt":"2019-09-09T12:25:56","guid":{"rendered":"https:\/\/bikeandstay.no\/privacy-policy\/"},"modified":"2019-10-02T09:37:40","modified_gmt":"2019-10-02T07:37:40","slug":"privacy-policy","status":"publish","type":"page","link":"https:\/\/bikeandstay.no\/sv\/privacy-policy\/","title":{"rendered":"Privacy policy"},"content":{"rendered":"<p>Den h\u00e4r sidan finns f\u00f6r att underl\u00e4tta f\u00f6r dig att anv\u00e4nda v\u00e5r webbplats.<\/p>\n<p>De tre vanligaste operativsystemen \u00e4r Windows, Mac OS och Linux. N\u00e4r vi nedan skriver \u201dCtrl\/CMD\u201d betyder det f\u00f6r Windows och Linux tangenten Ctrl och i Mac OS betyder det tangenten med texten cmd eller med en bild p\u00e5 ett \u00e4pple p\u00e5.<\/p>\n<p>Tab-tangenten sitter l\u00e4ngst till v\u00e4nster och har en eller tv\u00e5 pilar som pekar \u00e5t h\u00f6ger.<\/p>\n<p>Shift-tangenten \u00e4r tangenten med en pil som pekar upp\u00e5t. Det \u00e4r den du h\u00e5ller intryckt f\u00f6r att skriva versaler.<\/p>\n<p>Kursiv stilindikerar extra viktig information.<\/p>\n<h3>Tillg\u00e4nglighet och tips<\/h3>\n<p><strong>Generell tillg\u00e4nglighetsanpassning<\/strong><\/p>\n<p>V\u00e5r str\u00e4van \u00e4r att webbplatsens inneh\u00e5ll ska vara tillg\u00e4ngligt och anv\u00e4ndbart f\u00f6r s\u00e5 m\u00e5nga som m\u00f6jligt, oavsett f\u00f6ruts\u00e4ttningar.<\/p>\n<p><strong>\u00c4ndra textstorleken<\/strong><\/p>\n<p>Om du tycker att texten p\u00e5 webbplatsen \u00e4r f\u00f6r liten eller f\u00f6r stor kan du enkelt \u00e4ndra den med din webbl\u00e4sares inbyggda funktion. I de flesta moderna webbl\u00e4sare g\u00f6r du detta genom att h\u00e5lla ned Ctrl\/CMD och snurra p\u00e5 mushjulet, alt. Klicka p\u00e5 + eller -. I annat fall hittar du alternativ f\u00f6r att \u00e4ndra textstorlek i din webbl\u00e4sares inst\u00e4llningar.<\/p>\n<p><strong>Att skriva ut sidor<\/strong><\/p>\n<p>Du skriver ut sidor p\u00e5 webbplatsen genom att anv\u00e4nda din webbl\u00e4sares inbyggda funktion f\u00f6r utskrift. I de flesta moderna webbl\u00e4sare g\u00f6r du detta genom att h\u00e5lla nere Ctrl\/CMD och trycka p\u00e5 P.<\/p>\n<p><strong>Nya f\u00f6nster<\/strong><\/p>\n<p>Generellt \u00f6ppnas inga l\u00e4nkar i nya f\u00f6nster inom webb-platsen. Undantag finns f\u00f6r vissa dokumentformat, till exempel PDF, men \u00e4ven dessa \u00f6ppnas oftast i nytt f\u00f6nster. Externa l\u00e4nkar \u00f6ppnas alltid i nytt f\u00f6nster.<\/p>\n<p>Om du sj\u00e4lv vill \u00f6ppna en l\u00e4nk i ett nytt f\u00f6nster eller en ny flik kan du g\u00f6ra det genom att h\u00f6gerklicka p\u00e5 l\u00e4nken och v\u00e4lja \u00d6ppna i nytt f\u00f6nster eller \u00d6ppna i ny flik. I de flesta moderna webbl\u00e4sare kan du h\u00e5lla ned Ctrl\/CMD och klicka p\u00e5 l\u00e4nken f\u00f6r att \u00f6ppna den i ett nytt f\u00f6nster eller en ny flik.<\/p>\n<h3>Systemkrav och rekommendationer<\/h3>\n<p><strong>Bildsk\u00e4rm<\/strong><\/p>\n<p>F\u00f6r att se hela webbplatsen i full skala rekommenderar vi en uppl\u00f6sning p\u00e5 minst 1024 x 768 pixlar. De flesta moderna sk\u00e4rmar har st\u00f6d f\u00f6r detta. Webbplatsen kommer att fungera \u00e4ven om din sk\u00e4rm inte uppfyller denna rekommendation.<\/p>\n<p><strong>Webbl\u00e4sare<\/strong><\/p>\n<p>Webbl\u00e4saren \u00e4r det program du anv\u00e4nder till att surfa med, till exempel Internet Explorer eller Mozilla Firefox. Vi st\u00f6djer nedan webbl\u00e4sare. Dock kan vi inte garantera kommande releaser i de fall leverant\u00f6ren fr\u00e5ng\u00e5r standarder.<\/p>\n<p>Mozilla Firefox 2.0 och h\u00f6gre, Internet Explorer 9.0 och h\u00f6gre, Safari 5.0 och h\u00f6gre, Opera 9.0 och h\u00f6gre, Google Chrome<\/p>\n<p><strong>\u00c4ldre och \u00f6vriga webbl\u00e4sare<\/strong><\/p>\n<p>Om din webbl\u00e4sare inte finns med ovan finns det goda chanser f\u00f6r att allting fungerar precis som vanligt \u00e4nd\u00e5. Typiska karakt\u00e4rsdrag f\u00f6r \u00e4ldre webbl\u00e4sare \u00e4r att vissa element ser konstiga ut men fortfarande fungerar normalt. Om du har en gammal webbl\u00e4sare rekommenderar vi starkt att du laddar ned och installerar Mozilla Firefox, Google Chrome, Opera, Apple Safari eller en nyare version av Internet Explorer. Samtliga \u00e4r gratis. Ditt byte kommer \u00e4ven att f\u00f6rb\u00e4ttra upplevelsen av andra webbplatser.<\/p>\n<p><strong>Bilder<\/strong><\/p>\n<p>P\u00e5 webbplatsen anv\u00e4nds bilder. Webbplatsen \u00e4r, om du av n\u00e5gon anledning inte vill eller kan visa bilder, anpassad s\u00e5 att du fortfarande kan anv\u00e4nda webbplatsen normalt utan bilder.<\/p>\n<p><strong>JavaScript<\/strong><\/p>\n<p>V\u00e5r webbplats inneh\u00e5ller ett antal JavaScript. Dessa anv\u00e4nds f\u00f6r att till exempel placera mark\u00f6ren i r\u00e4tt f\u00e4lt i formul\u00e4r, f\u00f6r att \u00f6ppna vissa typer av l\u00e4nkar i ett separat f\u00f6nster och f\u00f6r enklare r\u00f6rlig bild, t.ex. bildspel. Ingen av dessa funktioner \u00e4r kritiska f\u00f6r att webbplatsen ska fungera.<\/p>\n<p><strong>PDF<\/strong><\/p>\n<p>Visst inneh\u00e5ll p\u00e5 webbplatsen \u00e4r av typen PDF. Detta inneh\u00e5ll laddar du ner och tittar p\u00e5 separat fr\u00e5n webbplatsen. Du beh\u00f6ver PDF-l\u00e4saren Adobe Reader installerad p\u00e5 din dator f\u00f6r att kunna l\u00e4sa dessa dokument. Den h\u00e4mtar du gratis fr\u00e5n Adobes webbplats och installerar enkelt genom att f\u00f6lja instruktionerna p\u00e5 sk\u00e4rmen.<\/p>\n<h3>Varum\u00e4rken och logotyper<\/h3>\n<p>Varum\u00e4rken och logotyper som omn\u00e4mns och anv\u00e4nds p\u00e5 denna webbplats \u00e4gs av respektive varum\u00e4rkes\u00e4gare.<\/p>\n<h3>Om kakor<\/h3>\n<p>En kaka (eller cookie) \u00e4r en liten textfil som webbplatsen du bes\u00f6ker beg\u00e4r att spara p\u00e5 din dator. Kakor anv\u00e4nds p\u00e5 www.bikeandstay.no f\u00f6r att ge bes\u00f6kare tillg\u00e5ng till olika funktioner. Informationen i kakan \u00e4r m\u00f6jlig att anv\u00e4nda f\u00f6r att f\u00f6lja en anv\u00e4ndares surfande.<\/p>\n<p>Det finns tv\u00e5 typer av kakor. Den ena typen sparar en fil under en l\u00e4ngre tid p\u00e5 din dator. Den anv\u00e4nds till exempel vid funktioner som talar om vad som \u00e4r nytt sedan anv\u00e4ndaren senast bes\u00f6kte den aktuella webbplatsen. Den andra typen av kakor kallas sessionskakor. Under tiden du \u00e4r inne och surfar p\u00e5 en sida, lagras den h\u00e4r kakan tempor\u00e4rt i din dators minne exempelvis f\u00f6r att h\u00e5lla reda p\u00e5 vilket spr\u00e5k du har valt. Sessionskakor lagras inte under en l\u00e4ngre tid p\u00e5 din dator, utan f\u00f6rsvinner n\u00e4r du st\u00e4nger din webbl\u00e4sare.<\/p>\n<p>Kakor \u00e4r helt oskadliga och anv\u00e4nds p\u00e5 de flesta moderna webbplatser.<\/p>\n<p>Post- och telestyrelsen, som \u00e4r tillsynsmyndighet p\u00e5 omr\u00e5det, l\u00e4mnar ytterligare information om kakor p\u00e5 sin webbplats,\u00a0<a>www.pts.se<\/a><\/p>\n<h3>Webbplatsens design och utveckling<\/h3>\n<p>Webbplatsen \u00e4r skapad \u00e5t Bikeandstay av <a href=\"https:\/\/galaxmedia.se\/\" target=\"_blank\" rel=\"noopener noreferrer\">webbyr\u00e5n<\/a> GLX Media AB i Stockholm. Webbplatsen \u00e4r utvecklat i publiceringsverktyget WordPress.<\/p>\n","protected":false},"excerpt":{"rendered":"<p>Den h\u00e4r sidan finns f\u00f6r att underl\u00e4tta f\u00f6r dig att anv\u00e4nda v\u00e5r webbplats. De tre vanligaste operativsystemen \u00e4r Windows, Mac OS och Linux. N\u00e4r vi nedan skriver \u201dCtrl\/CMD\u201d betyder det f\u00f6r Windows och Linux tangenten Ctrl och i Mac OS betyder det tangenten med texten cmd eller med en bild p\u00e5 ett \u00e4pple p\u00e5. Tab-tangenten [&hellip;]<\/p>\n","protected":false},"author":1,"featured_media":0,"parent":0,"menu_order":0,"comment_status":"closed","ping_status":"closed","template":"","meta":{"footnotes":""},"yoast_head":"<!-- This site is optimized with the Yoast SEO plugin v21.1 - https:\/\/yoast.com\/wordpress\/plugins\/seo\/ -->\n<title>Privacy policy - Bike and stay<\/title>\n<meta name=\"robots\" content=\"index, follow, max-snippet:-1, max-image-preview:large, max-video-preview:-1\" \/>\n<link rel=\"canonical\" href=\"https:\/\/bikeandstay.no\/sv\/privacy-policy\/\" \/>\n<meta property=\"og:locale\" content=\"sv_SE\" \/>\n<meta property=\"og:type\" content=\"article\" \/>\n<meta property=\"og:title\" content=\"Privacy policy - Bike and stay\" \/>\n<meta property=\"og:description\" content=\"Den h\u00e4r sidan finns f\u00f6r att underl\u00e4tta f\u00f6r dig att anv\u00e4nda v\u00e5r webbplats. De tre vanligaste operativsystemen \u00e4r Windows, Mac OS och Linux. N\u00e4r vi nedan skriver \u201dCtrl\/CMD\u201d betyder det f\u00f6r Windows och Linux tangenten Ctrl och i Mac OS betyder det tangenten med texten cmd eller med en bild p\u00e5 ett \u00e4pple p\u00e5. Tab-tangenten [&hellip;]\" \/>\n<meta property=\"og:url\" content=\"https:\/\/bikeandstay.no\/sv\/privacy-policy\/\" \/>\n<meta property=\"og:site_name\" content=\"Bike and stay\" \/>\n<meta property=\"article:modified_time\" content=\"2019-10-02T07:37:40+00:00\" \/>\n<meta name=\"twitter:card\" content=\"summary_large_image\" \/>\n<meta name=\"twitter:label1\" content=\"Ber\u00e4knad l\u00e4stid\" \/>\n\t<meta name=\"twitter:data1\" content=\"5 minuter\" \/>\n<script type=\"application\/ld+json\" class=\"yoast-schema-graph\">{\"@context\":\"https:\/\/schema.org\",\"@graph\":[{\"@type\":\"WebPage\",\"@id\":\"https:\/\/bikeandstay.no\/sv\/privacy-policy\/\",\"url\":\"https:\/\/bikeandstay.no\/sv\/privacy-policy\/\",\"name\":\"Privacy policy - Bike and stay\",\"isPartOf\":{\"@id\":\"https:\/\/bikeandstay.no\/#website\"},\"datePublished\":\"2019-09-09T12:25:56+00:00\",\"dateModified\":\"2019-10-02T07:37:40+00:00\",\"breadcrumb\":{\"@id\":\"https:\/\/bikeandstay.no\/sv\/privacy-policy\/#breadcrumb\"},\"inLanguage\":\"sv-SE\",\"potentialAction\":[{\"@type\":\"ReadAction\",\"target\":[\"https:\/\/bikeandstay.no\/sv\/privacy-policy\/\"]}]},{\"@type\":\"BreadcrumbList\",\"@id\":\"https:\/\/bikeandstay.no\/sv\/privacy-policy\/#breadcrumb\",\"itemListElement\":[{\"@type\":\"ListItem\",\"position\":1,\"name\":\"Home\",\"item\":\"https:\/\/bikeandstay.no\/sv\/\"},{\"@type\":\"ListItem\",\"position\":2,\"name\":\"Privacy policy\"}]},{\"@type\":\"WebSite\",\"@id\":\"https:\/\/bikeandstay.no\/#website\",\"url\":\"https:\/\/bikeandstay.no\/\",\"name\":\"Bike and stay\",\"description\":\"\",\"potentialAction\":[{\"@type\":\"SearchAction\",\"target\":{\"@type\":\"EntryPoint\",\"urlTemplate\":\"https:\/\/bikeandstay.no\/?s={search_term_string}\"},\"query-input\":\"required name=search_term_string\"}],\"inLanguage\":\"sv-SE\"}]}<\/script>\n<!-- \/ Yoast SEO plugin. -->","yoast_head_json":{"title":"Privacy policy - Bike and stay","robots":{"index":"index","follow":"follow","max-snippet":"max-snippet:-1","max-image-preview":"max-image-preview:large","max-video-preview":"max-video-preview:-1"},"canonical":"https:\/\/bikeandstay.no\/sv\/privacy-policy\/","og_locale":"sv_SE","og_type":"article","og_title":"Privacy policy - Bike and stay","og_description":"Den h\u00e4r sidan finns f\u00f6r att underl\u00e4tta f\u00f6r dig att anv\u00e4nda v\u00e5r webbplats. De tre vanligaste operativsystemen \u00e4r Windows, Mac OS och Linux. N\u00e4r vi nedan skriver \u201dCtrl\/CMD\u201d betyder det f\u00f6r Windows och Linux tangenten Ctrl och i Mac OS betyder det tangenten med texten cmd eller med en bild p\u00e5 ett \u00e4pple p\u00e5. Tab-tangenten [&hellip;]","og_url":"https:\/\/bikeandstay.no\/sv\/privacy-policy\/","og_site_name":"Bike and stay","article_modified_time":"2019-10-02T07:37:40+00:00","twitter_card":"summary_large_image","twitter_misc":{"Ber\u00e4knad l\u00e4stid":"5 minuter"},"schema":{"@context":"https:\/\/schema.org","@graph":[{"@type":"WebPage","@id":"https:\/\/bikeandstay.no\/sv\/privacy-policy\/","url":"https:\/\/bikeandstay.no\/sv\/privacy-policy\/","name":"Privacy policy - Bike and stay","isPartOf":{"@id":"https:\/\/bikeandstay.no\/#website"},"datePublished":"2019-09-09T12:25:56+00:00","dateModified":"2019-10-02T07:37:40+00:00","breadcrumb":{"@id":"https:\/\/bikeandstay.no\/sv\/privacy-policy\/#breadcrumb"},"inLanguage":"sv-SE","potentialAction":[{"@type":"ReadAction","target":["https:\/\/bikeandstay.no\/sv\/privacy-policy\/"]}]},{"@type":"BreadcrumbList","@id":"https:\/\/bikeandstay.no\/sv\/privacy-policy\/#breadcrumb","itemListElement":[{"@type":"ListItem","position":1,"name":"Home","item":"https:\/\/bikeandstay.no\/sv\/"},{"@type":"ListItem","position":2,"name":"Privacy policy"}]},{"@type":"WebSite","@id":"https:\/\/bikeandstay.no\/#website","url":"https:\/\/bikeandstay.no\/","name":"Bike and stay","description":"","potentialAction":[{"@type":"SearchAction","target":{"@type":"EntryPoint","urlTemplate":"https:\/\/bikeandstay.no\/?s={search_term_string}"},"query-input":"required name=search_term_string"}],"inLanguage":"sv-SE"}]}},"_links":{"self":[{"href":"https:\/\/bikeandstay.no\/sv\/wp-json\/wp\/v2\/pages\/1053"}],"collection":[{"href":"https:\/\/bikeandstay.no\/sv\/wp-json\/wp\/v2\/pages"}],"about":[{"href":"https:\/\/bikeandstay.no\/sv\/wp-json\/wp\/v2\/types\/page"}],"author":[{"embeddable":true,"href":"https:\/\/bikeandstay.no\/sv\/wp-json\/wp\/v2\/users\/1"}],"replies":[{"embeddable":true,"href":"https:\/\/bikeandstay.no\/sv\/wp-json\/wp\/v2\/comments?post=1053"}],"version-history":[{"count":1,"href":"https:\/\/bikeandstay.no\/sv\/wp-json\/wp\/v2\/pages\/1053\/revisions"}],"predecessor-version":[{"id":1055,"href":"https:\/\/bikeandstay.no\/sv\/wp-json\/wp\/v2\/pages\/1053\/revisions\/1055"}],"wp:attachment":[{"href":"https:\/\/bikeandstay.no\/sv\/wp-json\/wp\/v2\/media?parent=1053"}],"curies":[{"name":"wp","href":"https:\/\/api.w.org\/{rel}","templated":true}]}}