{"id":1255,"date":"2019-12-20T10:49:19","date_gmt":"2019-12-20T09:49:19","guid":{"rendered":"https:\/\/bikeandstay.no\/?page_id=1255"},"modified":"2020-01-03T11:18:42","modified_gmt":"2020-01-03T10:18:42","slug":"massagespecialist","status":"publish","type":"page","link":"https:\/\/bikeandstay.no\/sv\/massagespecialist\/","title":{"rendered":"Massasjespesialist"},"content":{"rendered":"\t\t<div data-elementor-type=\"wp-page\" data-elementor-id=\"1255\" class=\"elementor elementor-1255 elementor-1253\" data-elementor-post-type=\"page\">\n\t\t\t\t\t\t\t\t\t<section class=\"elementor-section elementor-top-section elementor-element elementor-element-52928fa elementor-section-boxed elementor-section-height-default elementor-section-height-default\" data-id=\"52928fa\" data-element_type=\"section\">\n\t\t\t\t\t\t<div class=\"elementor-container elementor-column-gap-default\">\n\t\t\t\t\t<div class=\"elementor-column elementor-col-100 elementor-top-column elementor-element elementor-element-918d23d\" data-id=\"918d23d\" data-element_type=\"column\">\n\t\t\t<div class=\"elementor-widget-wrap elementor-element-populated\">\n\t\t\t\t\t\t\t\t<div class=\"elementor-element elementor-element-0611838 elementor-widget elementor-widget-heading\" data-id=\"0611838\" data-element_type=\"widget\" data-widget_type=\"heading.default\">\n\t\t\t\t<div class=\"elementor-widget-container\">\n\t\t\t<h1 class=\"elementor-heading-title elementor-size-default\">Anellfysio - massagespecialist<\/h1>\t\t<\/div>\n\t\t\t\t<\/div>\n\t\t\t\t\t<\/div>\n\t\t<\/div>\n\t\t\t\t\t\t\t<\/div>\n\t\t<\/section>\n\t\t\t\t<section class=\"elementor-section elementor-top-section elementor-element elementor-element-c4ba0d8 elementor-section-boxed elementor-section-height-default elementor-section-height-default\" data-id=\"c4ba0d8\" data-element_type=\"section\">\n\t\t\t\t\t\t<div class=\"elementor-container elementor-column-gap-default\">\n\t\t\t\t\t<div class=\"elementor-column elementor-col-50 elementor-top-column elementor-element elementor-element-73e5d36\" data-id=\"73e5d36\" data-element_type=\"column\">\n\t\t\t<div class=\"elementor-widget-wrap elementor-element-populated\">\n\t\t\t\t\t\t\t\t<div class=\"elementor-element elementor-element-f37f588 elementor-widget elementor-widget-text-editor\" data-id=\"f37f588\" data-element_type=\"widget\" data-widget_type=\"text-editor.default\">\n\t\t\t\t<div class=\"elementor-widget-container\">\n\t\t\t\t\t\t\t<p>Andreas \u00e4r en Mallorcabosatt fysioterapeut och idrottsmass\u00f6r fr\u00e5n Sverige som har 18 \u00e5rs erfarenhet p\u00e5 v\u00e4rldsledande spa, kliniker och hotell \u00f6ver hela v\u00e4rlden. Som specialist p\u00e5 fysioterapeutisk massage, sport massage, rygg- och nackmassage och som h\u00e4lsocoach, skannar han sina kunder f\u00f6r att ge dem den b\u00e4sta behandlingen efter deras behov.<\/p><p><strong>Datum under 2020:\u00a0<\/strong><br \/>25 Mars &#8211; 11 Maj<br \/>15 Juni &#8211; fram\u00e5t<\/p><p><strong>F\u00f6r kontakt och bokning:<\/strong><br \/><a href=\"mailto:andreas@anellconsulting.com\">andreas@anellconsulting.com<\/a><\/p>\t\t\t\t\t\t<\/div>\n\t\t\t\t<\/div>\n\t\t\t\t\t<\/div>\n\t\t<\/div>\n\t\t\t\t<div class=\"elementor-column elementor-col-50 elementor-top-column elementor-element elementor-element-a5c7888\" data-id=\"a5c7888\" data-element_type=\"column\">\n\t\t\t<div class=\"elementor-widget-wrap elementor-element-populated\">\n\t\t\t\t\t\t\t\t<div class=\"elementor-element elementor-element-ecee62b elementor-widget elementor-widget-image\" data-id=\"ecee62b\" data-element_type=\"widget\" data-widget_type=\"image.default\">\n\t\t\t\t<div class=\"elementor-widget-container\">\n\t\t\t\t\t\t\t\t\t\t\t\t\t\t\t<img decoding=\"async\" loading=\"lazy\" width=\"320\" height=\"388\" src=\"https:\/\/bikeandstay.no\/wp-content\/uploads\/massage.jpg\" class=\"attachment-full size-full wp-image-1263\" alt=\"\" srcset=\"https:\/\/bikeandstay.no\/wp-content\/uploads\/massage.jpg 320w, https:\/\/bikeandstay.no\/wp-content\/uploads\/massage-247x300.jpg 247w\" sizes=\"(max-width: 320px) 100vw, 320px\" \/>\t\t\t\t\t\t\t\t\t\t\t\t\t\t\t<\/div>\n\t\t\t\t<\/div>\n\t\t\t\t\t<\/div>\n\t\t<\/div>\n\t\t\t\t\t\t\t<\/div>\n\t\t<\/section>\n\t\t\t\t\t\t\t<\/div>\n\t\t","protected":false},"excerpt":{"rendered":"<p>Anellfysio &#8211; massagespecialist Andreas \u00e4r en Mallorcabosatt fysioterapeut och idrottsmass\u00f6r fr\u00e5n Sverige som har 18 \u00e5rs erfarenhet p\u00e5 v\u00e4rldsledande spa, kliniker och hotell \u00f6ver hela v\u00e4rlden. Som specialist p\u00e5 fysioterapeutisk massage, sport massage, rygg- och nackmassage och som h\u00e4lsocoach, skannar han sina kunder f\u00f6r att ge dem den b\u00e4sta behandlingen efter deras behov. Datum under [&hellip;]<\/p>\n","protected":false},"author":1,"featured_media":0,"parent":0,"menu_order":0,"comment_status":"closed","ping_status":"closed","template":"","meta":{"footnotes":""},"yoast_head":"<!-- This site is optimized with the Yoast SEO plugin v21.1 - https:\/\/yoast.com\/wordpress\/plugins\/seo\/ -->\n<title>Massasjespesialist - Bike and stay<\/title>\n<meta name=\"robots\" content=\"index, follow, max-snippet:-1, max-image-preview:large, max-video-preview:-1\" \/>\n<link rel=\"canonical\" href=\"https:\/\/bikeandstay.no\/sv\/massagespecialist\/\" \/>\n<meta property=\"og:locale\" content=\"sv_SE\" \/>\n<meta property=\"og:type\" content=\"article\" \/>\n<meta property=\"og:title\" content=\"Massasjespesialist - Bike and stay\" \/>\n<meta property=\"og:description\" content=\"Anellfysio &#8211; massagespecialist Andreas \u00e4r en Mallorcabosatt fysioterapeut och idrottsmass\u00f6r fr\u00e5n Sverige som har 18 \u00e5rs erfarenhet p\u00e5 v\u00e4rldsledande spa, kliniker och hotell \u00f6ver hela v\u00e4rlden. Som specialist p\u00e5 fysioterapeutisk massage, sport massage, rygg- och nackmassage och som h\u00e4lsocoach, skannar han sina kunder f\u00f6r att ge dem den b\u00e4sta behandlingen efter deras behov. Datum under [&hellip;]\" \/>\n<meta property=\"og:url\" content=\"https:\/\/bikeandstay.no\/sv\/massagespecialist\/\" \/>\n<meta property=\"og:site_name\" content=\"Bike and stay\" \/>\n<meta property=\"article:modified_time\" content=\"2020-01-03T10:18:42+00:00\" \/>\n<meta property=\"og:image\" content=\"https:\/\/bikeandstay.no\/wp-content\/uploads\/massage.jpg\" \/>\n<meta name=\"twitter:card\" content=\"summary_large_image\" \/>\n<script type=\"application\/ld+json\" class=\"yoast-schema-graph\">{\"@context\":\"https:\/\/schema.org\",\"@graph\":[{\"@type\":\"WebPage\",\"@id\":\"https:\/\/bikeandstay.no\/sv\/massagespecialist\/\",\"url\":\"https:\/\/bikeandstay.no\/sv\/massagespecialist\/\",\"name\":\"Massasjespesialist - Bike and stay\",\"isPartOf\":{\"@id\":\"https:\/\/bikeandstay.no\/#website\"},\"datePublished\":\"2019-12-20T09:49:19+00:00\",\"dateModified\":\"2020-01-03T10:18:42+00:00\",\"breadcrumb\":{\"@id\":\"https:\/\/bikeandstay.no\/sv\/massagespecialist\/#breadcrumb\"},\"inLanguage\":\"sv-SE\",\"potentialAction\":[{\"@type\":\"ReadAction\",\"target\":[\"https:\/\/bikeandstay.no\/sv\/massagespecialist\/\"]}]},{\"@type\":\"BreadcrumbList\",\"@id\":\"https:\/\/bikeandstay.no\/sv\/massagespecialist\/#breadcrumb\",\"itemListElement\":[{\"@type\":\"ListItem\",\"position\":1,\"name\":\"Home\",\"item\":\"https:\/\/bikeandstay.no\/sv\/\"},{\"@type\":\"ListItem\",\"position\":2,\"name\":\"Massasjespesialist\"}]},{\"@type\":\"WebSite\",\"@id\":\"https:\/\/bikeandstay.no\/#website\",\"url\":\"https:\/\/bikeandstay.no\/\",\"name\":\"Bike and stay\",\"description\":\"\",\"potentialAction\":[{\"@type\":\"SearchAction\",\"target\":{\"@type\":\"EntryPoint\",\"urlTemplate\":\"https:\/\/bikeandstay.no\/?s={search_term_string}\"},\"query-input\":\"required name=search_term_string\"}],\"inLanguage\":\"sv-SE\"}]}<\/script>\n<!-- \/ Yoast SEO plugin. -->","yoast_head_json":{"title":"Massasjespesialist - Bike and stay","robots":{"index":"index","follow":"follow","max-snippet":"max-snippet:-1","max-image-preview":"max-image-preview:large","max-video-preview":"max-video-preview:-1"},"canonical":"https:\/\/bikeandstay.no\/sv\/massagespecialist\/","og_locale":"sv_SE","og_type":"article","og_title":"Massasjespesialist - Bike and stay","og_description":"Anellfysio &#8211; massagespecialist Andreas \u00e4r en Mallorcabosatt fysioterapeut och idrottsmass\u00f6r fr\u00e5n Sverige som har 18 \u00e5rs erfarenhet p\u00e5 v\u00e4rldsledande spa, kliniker och hotell \u00f6ver hela v\u00e4rlden. Som specialist p\u00e5 fysioterapeutisk massage, sport massage, rygg- och nackmassage och som h\u00e4lsocoach, skannar han sina kunder f\u00f6r att ge dem den b\u00e4sta behandlingen efter deras behov. Datum under [&hellip;]","og_url":"https:\/\/bikeandstay.no\/sv\/massagespecialist\/","og_site_name":"Bike and stay","article_modified_time":"2020-01-03T10:18:42+00:00","og_image":[{"url":"https:\/\/bikeandstay.no\/wp-content\/uploads\/massage.jpg"}],"twitter_card":"summary_large_image","schema":{"@context":"https:\/\/schema.org","@graph":[{"@type":"WebPage","@id":"https:\/\/bikeandstay.no\/sv\/massagespecialist\/","url":"https:\/\/bikeandstay.no\/sv\/massagespecialist\/","name":"Massasjespesialist - Bike and stay","isPartOf":{"@id":"https:\/\/bikeandstay.no\/#website"},"datePublished":"2019-12-20T09:49:19+00:00","dateModified":"2020-01-03T10:18:42+00:00","breadcrumb":{"@id":"https:\/\/bikeandstay.no\/sv\/massagespecialist\/#breadcrumb"},"inLanguage":"sv-SE","potentialAction":[{"@type":"ReadAction","target":["https:\/\/bikeandstay.no\/sv\/massagespecialist\/"]}]},{"@type":"BreadcrumbList","@id":"https:\/\/bikeandstay.no\/sv\/massagespecialist\/#breadcrumb","itemListElement":[{"@type":"ListItem","position":1,"name":"Home","item":"https:\/\/bikeandstay.no\/sv\/"},{"@type":"ListItem","position":2,"name":"Massasjespesialist"}]},{"@type":"WebSite","@id":"https:\/\/bikeandstay.no\/#website","url":"https:\/\/bikeandstay.no\/","name":"Bike and stay","description":"","potentialAction":[{"@type":"SearchAction","target":{"@type":"EntryPoint","urlTemplate":"https:\/\/bikeandstay.no\/?s={search_term_string}"},"query-input":"required name=search_term_string"}],"inLanguage":"sv-SE"}]}},"_links":{"self":[{"href":"https:\/\/bikeandstay.no\/sv\/wp-json\/wp\/v2\/pages\/1255"}],"collection":[{"href":"https:\/\/bikeandstay.no\/sv\/wp-json\/wp\/v2\/pages"}],"about":[{"href":"https:\/\/bikeandstay.no\/sv\/wp-json\/wp\/v2\/types\/page"}],"author":[{"embeddable":true,"href":"https:\/\/bikeandstay.no\/sv\/wp-json\/wp\/v2\/users\/1"}],"replies":[{"embeddable":true,"href":"https:\/\/bikeandstay.no\/sv\/wp-json\/wp\/v2\/comments?post=1255"}],"version-history":[{"count":6,"href":"https:\/\/bikeandstay.no\/sv\/wp-json\/wp\/v2\/pages\/1255\/revisions"}],"predecessor-version":[{"id":1290,"href":"https:\/\/bikeandstay.no\/sv\/wp-json\/wp\/v2\/pages\/1255\/revisions\/1290"}],"wp:attachment":[{"href":"https:\/\/bikeandstay.no\/sv\/wp-json\/wp\/v2\/media?parent=1255"}],"curies":[{"name":"wp","href":"https:\/\/api.w.org\/{rel}","templated":true}]}}