{"id":918,"date":"2019-09-26T14:23:53","date_gmt":"2019-09-26T12:23:53","guid":{"rendered":"https:\/\/bikeandstay.no\/hem\/"},"modified":"2019-10-02T13:15:05","modified_gmt":"2019-10-02T11:15:05","slug":"hem","status":"publish","type":"page","link":"https:\/\/bikeandstay.no\/sv\/","title":{"rendered":"Hem"},"content":{"rendered":"\t\t<div data-elementor-type=\"wp-page\" data-elementor-id=\"918\" class=\"elementor elementor-918 elementor-2\" data-elementor-post-type=\"page\">\n\t\t\t\t\t\t\t\t\t<section class=\"elementor-section elementor-top-section elementor-element elementor-element-8ed2f22 elementor-section-height-min-height elementor-section-boxed elementor-section-height-default elementor-section-items-middle\" data-id=\"8ed2f22\" data-element_type=\"section\" data-settings=\"{&quot;background_background&quot;:&quot;classic&quot;}\">\n\t\t\t\t\t\t<div class=\"elementor-container elementor-column-gap-default\">\n\t\t\t\t\t<div class=\"elementor-column elementor-col-100 elementor-top-column elementor-element elementor-element-62eaa30\" data-id=\"62eaa30\" data-element_type=\"column\">\n\t\t\t<div class=\"elementor-widget-wrap elementor-element-populated\">\n\t\t\t\t\t\t\t\t<div class=\"elementor-element elementor-element-6217a9a elementor-widget elementor-widget-heading\" data-id=\"6217a9a\" data-element_type=\"widget\" data-widget_type=\"heading.default\">\n\t\t\t\t<div class=\"elementor-widget-container\">\n\t\t\t<h1 class=\"elementor-heading-title elementor-size-default\">Hotell f\u00f6r cyklister <br>p\u00e5 Mallorca<\/h1>\t\t<\/div>\n\t\t\t\t<\/div>\n\t\t\t\t<section class=\"elementor-section elementor-inner-section elementor-element elementor-element-79df0d8 elementor-section-boxed elementor-section-height-default elementor-section-height-default\" data-id=\"79df0d8\" data-element_type=\"section\">\n\t\t\t\t\t\t<div class=\"elementor-container elementor-column-gap-default\">\n\t\t\t\t\t<div class=\"elementor-column elementor-col-100 elementor-inner-column elementor-element elementor-element-1b39253\" data-id=\"1b39253\" data-element_type=\"column\">\n\t\t\t<div class=\"elementor-widget-wrap elementor-element-populated\">\n\t\t\t\t\t\t\t\t<div class=\"elementor-element elementor-element-3a8c077 elementor-align-center elementor-widget elementor-widget-button\" data-id=\"3a8c077\" data-element_type=\"widget\" data-widget_type=\"button.default\">\n\t\t\t\t<div class=\"elementor-widget-container\">\n\t\t\t\t\t<div class=\"elementor-button-wrapper\">\n\t\t\t<a class=\"elementor-button elementor-button-link elementor-size-sm\" href=\"https:\/\/bikeandstay.no\/sv\/hotell-mallorca\/\">\n\t\t\t\t\t\t<span class=\"elementor-button-content-wrapper\">\n\t\t\t\t\t\t<span class=\"elementor-button-text\">Boka hotell<\/span>\n\t\t<\/span>\n\t\t\t\t\t<\/a>\n\t\t<\/div>\n\t\t\t\t<\/div>\n\t\t\t\t<\/div>\n\t\t\t\t<div class=\"elementor-element elementor-element-7cadb3d elementor-widget elementor-widget-shortcode\" data-id=\"7cadb3d\" data-element_type=\"widget\" data-widget_type=\"shortcode.default\">\n\t\t\t\t<div class=\"elementor-widget-container\">\n\t\t\t\t\t<div class=\"elementor-shortcode\"><a href=\"#infoboxes\"\">\n<div id=\"arrow-wrapper\">\n  <div class=\"arrow-border\">\n    <div class=\"arrow down\"><\/div>\n    <div class='pulse'><\/div>\n  <\/div>\n<\/div>\n<\/a><\/div>\n\t\t\t\t<\/div>\n\t\t\t\t<\/div>\n\t\t\t\t\t<\/div>\n\t\t<\/div>\n\t\t\t\t\t\t\t<\/div>\n\t\t<\/section>\n\t\t\t\t\t<\/div>\n\t\t<\/div>\n\t\t\t\t\t\t\t<\/div>\n\t\t<\/section>\n\t\t\t\t<section class=\"elementor-section elementor-top-section elementor-element elementor-element-3ca2a0d elementor-section-boxed elementor-section-height-default elementor-section-height-default\" data-id=\"3ca2a0d\" data-element_type=\"section\">\n\t\t\t\t\t\t<div class=\"elementor-container elementor-column-gap-default\">\n\t\t\t\t\t<div class=\"elementor-column elementor-col-100 elementor-top-column elementor-element elementor-element-af0acc0\" data-id=\"af0acc0\" data-element_type=\"column\">\n\t\t\t<div class=\"elementor-widget-wrap elementor-element-populated\">\n\t\t\t\t\t\t\t\t<div class=\"elementor-element elementor-element-df1e60e elementor-widget elementor-widget-menu-anchor\" data-id=\"df1e60e\" data-element_type=\"widget\" data-widget_type=\"menu-anchor.default\">\n\t\t\t\t<div class=\"elementor-widget-container\">\n\t\t\t\t\t<div id=\"infoboxes\" class=\"elementor-menu-anchor\"><\/div>\n\t\t\t\t<\/div>\n\t\t\t\t<\/div>\n\t\t\t\t\t<\/div>\n\t\t<\/div>\n\t\t\t\t\t\t\t<\/div>\n\t\t<\/section>\n\t\t\t\t<section class=\"elementor-section elementor-top-section elementor-element elementor-element-1d0bc8c elementor-section-boxed elementor-section-height-default elementor-section-height-default\" data-id=\"1d0bc8c\" data-element_type=\"section\">\n\t\t\t\t\t\t<div class=\"elementor-container elementor-column-gap-default\">\n\t\t\t\t\t<div class=\"elementor-column elementor-col-33 elementor-top-column elementor-element elementor-element-3c1cb15\" data-id=\"3c1cb15\" data-element_type=\"column\" data-settings=\"{&quot;background_background&quot;:&quot;classic&quot;}\">\n\t\t\t<div class=\"elementor-widget-wrap elementor-element-populated\">\n\t\t\t\t\t\t\t\t<div class=\"elementor-element elementor-element-507298e elementor-widget elementor-widget-image\" data-id=\"507298e\" data-element_type=\"widget\" data-widget_type=\"image.default\">\n\t\t\t\t<div class=\"elementor-widget-container\">\n\t\t\t\t\t\t\t\t\t\t\t\t\t\t\t\t<a href=\"https:\/\/bikeandstay.no\/sv\/hotell-mallorca\/\">\n\t\t\t\t\t\t\t<img decoding=\"async\" loading=\"lazy\" width=\"540\" height=\"360\" src=\"https:\/\/bikeandstay.no\/wp-content\/uploads\/allcudia_front.jpg\" class=\"attachment-large size-large wp-image-196\" alt=\"\" srcset=\"https:\/\/bikeandstay.no\/wp-content\/uploads\/allcudia_front.jpg 540w, https:\/\/bikeandstay.no\/wp-content\/uploads\/allcudia_front-300x200.jpg 300w\" sizes=\"(max-width: 540px) 100vw, 540px\" \/>\t\t\t\t\t\t\t\t<\/a>\n\t\t\t\t\t\t\t\t\t\t\t\t\t\t\t<\/div>\n\t\t\t\t<\/div>\n\t\t\t\t<div class=\"elementor-element elementor-element-83dea3d elementor-widget elementor-widget-text-editor\" data-id=\"83dea3d\" data-element_type=\"widget\" data-widget_type=\"text-editor.default\">\n\t\t\t\t<div class=\"elementor-widget-container\">\n\t\t\t\t\t\t\t<h3>Hitta r\u00e4tt hotell<\/h3>\n<p>V\u00e5ra hotell \u00e4r popul\u00e4ra m\u00f6tesplatser f\u00f6r cyklister, d\u00e5 de alla har s\u00e4kra, v\u00e4lutrustade cykelgarage och cykeluthyrning med verkst\u00e4der p\u00e5 hotellet eller i<br \/>\ndess n\u00e4rhet. Ni v\u00e4ljer hotell vid strandpromenaden eller i lugnare, gr\u00f6na omr\u00e5den. Vill ni bo n\u00e4ra flygplatsen, n\u00e4ra Palma eller l\u00e4ngre norrut runt Alcudia? Ni v\u00e4ljer ocks\u00e5 mellan boende f\u00f6r vuxna eller barnv\u00e4nliga hotell. N\u00e5gra \u00e4r lyxigare, n\u00e5gra lite enklare, rankade fr\u00e5n 3 till 4+ stj\u00e4rnor. De \u00e4r alla v\u00e4l fungerande hotell, utvalda av oss f\u00f6r trevligt bem\u00f6tande och god service.<\/p>\n\t\t\t\t\t\t<\/div>\n\t\t\t\t<\/div>\n\t\t\t\t<div class=\"elementor-element elementor-element-3dd2f9d elementor-align-left elementor-widget elementor-widget-button\" data-id=\"3dd2f9d\" data-element_type=\"widget\" data-widget_type=\"button.default\">\n\t\t\t\t<div class=\"elementor-widget-container\">\n\t\t\t\t\t<div class=\"elementor-button-wrapper\">\n\t\t\t<a class=\"elementor-button elementor-button-link elementor-size-sm\" href=\"https:\/\/bikeandstay.no\/sv\/hotell-mallorca\/\">\n\t\t\t\t\t\t<span class=\"elementor-button-content-wrapper\">\n\t\t\t\t\t\t<span class=\"elementor-button-text\">L\u00e4s mer &amp; boka<\/span>\n\t\t<\/span>\n\t\t\t\t\t<\/a>\n\t\t<\/div>\n\t\t\t\t<\/div>\n\t\t\t\t<\/div>\n\t\t\t\t\t<\/div>\n\t\t<\/div>\n\t\t\t\t<div class=\"elementor-column elementor-col-33 elementor-top-column elementor-element elementor-element-54718fd\" data-id=\"54718fd\" data-element_type=\"column\" data-settings=\"{&quot;background_background&quot;:&quot;classic&quot;}\">\n\t\t\t<div class=\"elementor-widget-wrap elementor-element-populated\">\n\t\t\t\t\t\t\t\t<div class=\"elementor-element elementor-element-8115a1d elementor-widget elementor-widget-image\" data-id=\"8115a1d\" data-element_type=\"widget\" data-widget_type=\"image.default\">\n\t\t\t\t<div class=\"elementor-widget-container\">\n\t\t\t\t\t\t\t\t\t\t\t\t\t\t\t\t<a href=\"https:\/\/bikeandstay.no\/sv\/cykla-pa-mallorca\/\">\n\t\t\t\t\t\t\t<img decoding=\"async\" loading=\"lazy\" width=\"550\" height=\"360\" src=\"https:\/\/bikeandstay.no\/wp-content\/uploads\/mallorca_bike.jpg\" class=\"attachment-large size-large wp-image-464\" alt=\"\" srcset=\"https:\/\/bikeandstay.no\/wp-content\/uploads\/mallorca_bike.jpg 550w, https:\/\/bikeandstay.no\/wp-content\/uploads\/mallorca_bike-300x196.jpg 300w\" sizes=\"(max-width: 550px) 100vw, 550px\" \/>\t\t\t\t\t\t\t\t<\/a>\n\t\t\t\t\t\t\t\t\t\t\t\t\t\t\t<\/div>\n\t\t\t\t<\/div>\n\t\t\t\t<div class=\"elementor-element elementor-element-9c57bc9 elementor-widget elementor-widget-text-editor\" data-id=\"9c57bc9\" data-element_type=\"widget\" data-widget_type=\"text-editor.default\">\n\t\t\t\t<div class=\"elementor-widget-container\">\n\t\t\t\t\t\t\t<h3>Cykla p\u00e5 Mallorca<\/h3>\n<p>H\u00e4r finns m\u00e5nga natursk\u00f6na v\u00e4gar att v\u00e4lja mellan f\u00f6r b\u00e5de hobbycyklister och proffs. M\u00e5nga cykellag kommer hit under tidig v\u00e5r f\u00f6r att under l\u00e5nga, ljusa och ljumma dagar kunna avverka dubbla tr\u00e4ningspass innan de stora cykelloppen b\u00f6rjar. I norr utg\u00e5r ni fr\u00e5n Alcudiabukten och i s\u00f6der fr\u00e5n<br \/>\nPlaya de Palma, ni cyklar bland pinjeskogar och mysiga byar eller l\u00e4ngs kusten och njuter av havets fl\u00e4ktar. Gillar ni utmaningar kan ni ge er upp i bergen d\u00e4r ni bel\u00f6nas med fantastisk utsikt. Mallorca bjuder p\u00e5 v\u00e4lsk\u00f6tta, tydligt skyltade v\u00e4gar i en varierad natur.<\/p>\n\t\t\t\t\t\t<\/div>\n\t\t\t\t<\/div>\n\t\t\t\t<div class=\"elementor-element elementor-element-18084e0 elementor-align-left elementor-widget elementor-widget-button\" data-id=\"18084e0\" data-element_type=\"widget\" data-widget_type=\"button.default\">\n\t\t\t\t<div class=\"elementor-widget-container\">\n\t\t\t\t\t<div class=\"elementor-button-wrapper\">\n\t\t\t<a class=\"elementor-button elementor-button-link elementor-size-sm\" href=\"https:\/\/bikeandstay.no\/sv\/cykla-pa-mallorca\/\">\n\t\t\t\t\t\t<span class=\"elementor-button-content-wrapper\">\n\t\t\t\t\t\t<span class=\"elementor-button-text\">L\u00e4s mer<\/span>\n\t\t<\/span>\n\t\t\t\t\t<\/a>\n\t\t<\/div>\n\t\t\t\t<\/div>\n\t\t\t\t<\/div>\n\t\t\t\t\t<\/div>\n\t\t<\/div>\n\t\t\t\t<div class=\"elementor-column elementor-col-33 elementor-top-column elementor-element elementor-element-fc4830f\" data-id=\"fc4830f\" data-element_type=\"column\" data-settings=\"{&quot;background_background&quot;:&quot;classic&quot;}\">\n\t\t\t<div class=\"elementor-widget-wrap elementor-element-populated\">\n\t\t\t\t\t\t\t\t<div class=\"elementor-element elementor-element-eb2fee1 elementor-widget elementor-widget-image\" data-id=\"eb2fee1\" data-element_type=\"widget\" data-widget_type=\"image.default\">\n\t\t\t\t<div class=\"elementor-widget-container\">\n\t\t\t\t\t\t\t\t\t\t\t\t\t\t\t\t<a href=\"https:\/\/bikeandstay.no\/sv\/kontakt\/\">\n\t\t\t\t\t\t\t<img decoding=\"async\" loading=\"lazy\" width=\"540\" height=\"360\" src=\"https:\/\/bikeandstay.no\/wp-content\/uploads\/front_3.jpg\" class=\"attachment-large size-large wp-image-192\" alt=\"\" srcset=\"https:\/\/bikeandstay.no\/wp-content\/uploads\/front_3.jpg 540w, https:\/\/bikeandstay.no\/wp-content\/uploads\/front_3-300x200.jpg 300w\" sizes=\"(max-width: 540px) 100vw, 540px\" \/>\t\t\t\t\t\t\t\t<\/a>\n\t\t\t\t\t\t\t\t\t\t\t\t\t\t\t<\/div>\n\t\t\t\t<\/div>\n\t\t\t\t<div class=\"elementor-element elementor-element-e26853e elementor-widget elementor-widget-text-editor\" data-id=\"e26853e\" data-element_type=\"widget\" data-widget_type=\"text-editor.default\">\n\t\t\t\t<div class=\"elementor-widget-container\">\n\t\t\t\t\t\t\t<h3>Kontakta oss<\/h3>\n<p>Vi har f\u00f6rmedlat boenden p\u00e5 Mallorca i \u00f6ver 12 \u00e5r och besitter d\u00e4rf\u00f6r mycket kunskap om \u00f6n och vet vilka hotell som \u00e4r \u00e4r l\u00e4mpliga f\u00f6r en kr\u00e4sen cyklist, en aktiv turist eller f\u00f6r en avslappnad badsemester. Lyft blicken, ta en paus och insup allt \u00f6n kan bjuda p\u00e5. Katedralen, kloster, ruiner, v\u00e4derkvarnar! Nationalparker, ving\u00e5rdar, fiskehamnar, grottor, apelsinplantager, olivlundar, mandeltr\u00e4d, havsvikar! Marknader, gormetrestauranger, tapasbarer, vinprovning<br \/>\noch m\u00e5nga lokala fiestor d\u00e4r hela byn deltar i festligheterna! Vi tipsar g\u00e4rna om det som vi \u00e4lskar h\u00e4r!<\/p>\n\t\t\t\t\t\t<\/div>\n\t\t\t\t<\/div>\n\t\t\t\t<div class=\"elementor-element elementor-element-4bb74c8 elementor-align-left elementor-widget elementor-widget-button\" data-id=\"4bb74c8\" data-element_type=\"widget\" data-widget_type=\"button.default\">\n\t\t\t\t<div class=\"elementor-widget-container\">\n\t\t\t\t\t<div class=\"elementor-button-wrapper\">\n\t\t\t<a class=\"elementor-button elementor-button-link elementor-size-sm\" href=\"https:\/\/bikeandstay.no\/sv\/kontakt\/\">\n\t\t\t\t\t\t<span class=\"elementor-button-content-wrapper\">\n\t\t\t\t\t\t<span class=\"elementor-button-text\">L\u00e4s mer<\/span>\n\t\t<\/span>\n\t\t\t\t\t<\/a>\n\t\t<\/div>\n\t\t\t\t<\/div>\n\t\t\t\t<\/div>\n\t\t\t\t\t<\/div>\n\t\t<\/div>\n\t\t\t\t\t\t\t<\/div>\n\t\t<\/section>\n\t\t\t\t<section class=\"elementor-section elementor-top-section elementor-element elementor-element-0528c2a elementor-section-boxed elementor-section-height-default elementor-section-height-default\" data-id=\"0528c2a\" data-element_type=\"section\">\n\t\t\t\t\t\t<div class=\"elementor-container elementor-column-gap-default\">\n\t\t\t\t\t<div class=\"elementor-column elementor-col-100 elementor-top-column elementor-element elementor-element-02d6cc0\" data-id=\"02d6cc0\" data-element_type=\"column\">\n\t\t\t<div class=\"elementor-widget-wrap\">\n\t\t\t\t\t\t\t\t\t<\/div>\n\t\t<\/div>\n\t\t\t\t\t\t\t<\/div>\n\t\t<\/section>\n\t\t\t\t\t\t\t<\/div>\n\t\t","protected":false},"excerpt":{"rendered":"<p>Hotell f\u00f6r cyklister p\u00e5 Mallorca Boka hotell<\/p>\n","protected":false},"author":1,"featured_media":0,"parent":0,"menu_order":0,"comment_status":"closed","ping_status":"closed","template":"","meta":{"footnotes":""},"yoast_head":"<!-- This site is optimized with the Yoast SEO plugin v21.1 - https:\/\/yoast.com\/wordpress\/plugins\/seo\/ -->\n<title>Hem - Bike and stay<\/title>\n<meta name=\"robots\" content=\"index, follow, max-snippet:-1, max-image-preview:large, max-video-preview:-1\" \/>\n<link rel=\"canonical\" href=\"https:\/\/bikeandstay.no\/sv\/\" \/>\n<meta property=\"og:locale\" content=\"sv_SE\" \/>\n<meta property=\"og:type\" content=\"article\" \/>\n<meta property=\"og:title\" content=\"Hem - Bike and stay\" \/>\n<meta property=\"og:description\" content=\"Hotell f\u00f6r cyklister p\u00e5 Mallorca Boka hotell\" \/>\n<meta property=\"og:url\" content=\"https:\/\/bikeandstay.no\/sv\/\" \/>\n<meta property=\"og:site_name\" content=\"Bike and stay\" \/>\n<meta property=\"article:modified_time\" content=\"2019-10-02T11:15:05+00:00\" \/>\n<meta property=\"og:image\" content=\"https:\/\/bikeandstay.no\/wp-content\/uploads\/allcudia_front.jpg\" \/>\n<meta name=\"twitter:card\" content=\"summary_large_image\" \/>\n<script type=\"application\/ld+json\" class=\"yoast-schema-graph\">{\"@context\":\"https:\/\/schema.org\",\"@graph\":[{\"@type\":\"WebPage\",\"@id\":\"https:\/\/bikeandstay.no\/sv\/\",\"url\":\"https:\/\/bikeandstay.no\/sv\/\",\"name\":\"Hem - Bike and stay\",\"isPartOf\":{\"@id\":\"https:\/\/bikeandstay.no\/#website\"},\"datePublished\":\"2019-09-26T12:23:53+00:00\",\"dateModified\":\"2019-10-02T11:15:05+00:00\",\"breadcrumb\":{\"@id\":\"https:\/\/bikeandstay.no\/sv\/#breadcrumb\"},\"inLanguage\":\"sv-SE\",\"potentialAction\":[{\"@type\":\"ReadAction\",\"target\":[\"https:\/\/bikeandstay.no\/sv\/\"]}]},{\"@type\":\"BreadcrumbList\",\"@id\":\"https:\/\/bikeandstay.no\/sv\/#breadcrumb\",\"itemListElement\":[{\"@type\":\"ListItem\",\"position\":1,\"name\":\"Home\",\"item\":\"https:\/\/bikeandstay.no\/sv\/\"},{\"@type\":\"ListItem\",\"position\":2,\"name\":\"Hem\"}]},{\"@type\":\"WebSite\",\"@id\":\"https:\/\/bikeandstay.no\/#website\",\"url\":\"https:\/\/bikeandstay.no\/\",\"name\":\"Bike and stay\",\"description\":\"\",\"potentialAction\":[{\"@type\":\"SearchAction\",\"target\":{\"@type\":\"EntryPoint\",\"urlTemplate\":\"https:\/\/bikeandstay.no\/?s={search_term_string}\"},\"query-input\":\"required name=search_term_string\"}],\"inLanguage\":\"sv-SE\"}]}<\/script>\n<!-- \/ Yoast SEO plugin. -->","yoast_head_json":{"title":"Hem - Bike and stay","robots":{"index":"index","follow":"follow","max-snippet":"max-snippet:-1","max-image-preview":"max-image-preview:large","max-video-preview":"max-video-preview:-1"},"canonical":"https:\/\/bikeandstay.no\/sv\/","og_locale":"sv_SE","og_type":"article","og_title":"Hem - Bike and stay","og_description":"Hotell f\u00f6r cyklister p\u00e5 Mallorca Boka hotell","og_url":"https:\/\/bikeandstay.no\/sv\/","og_site_name":"Bike and stay","article_modified_time":"2019-10-02T11:15:05+00:00","og_image":[{"url":"https:\/\/bikeandstay.no\/wp-content\/uploads\/allcudia_front.jpg"}],"twitter_card":"summary_large_image","schema":{"@context":"https:\/\/schema.org","@graph":[{"@type":"WebPage","@id":"https:\/\/bikeandstay.no\/sv\/","url":"https:\/\/bikeandstay.no\/sv\/","name":"Hem - Bike and stay","isPartOf":{"@id":"https:\/\/bikeandstay.no\/#website"},"datePublished":"2019-09-26T12:23:53+00:00","dateModified":"2019-10-02T11:15:05+00:00","breadcrumb":{"@id":"https:\/\/bikeandstay.no\/sv\/#breadcrumb"},"inLanguage":"sv-SE","potentialAction":[{"@type":"ReadAction","target":["https:\/\/bikeandstay.no\/sv\/"]}]},{"@type":"BreadcrumbList","@id":"https:\/\/bikeandstay.no\/sv\/#breadcrumb","itemListElement":[{"@type":"ListItem","position":1,"name":"Home","item":"https:\/\/bikeandstay.no\/sv\/"},{"@type":"ListItem","position":2,"name":"Hem"}]},{"@type":"WebSite","@id":"https:\/\/bikeandstay.no\/#website","url":"https:\/\/bikeandstay.no\/","name":"Bike and stay","description":"","potentialAction":[{"@type":"SearchAction","target":{"@type":"EntryPoint","urlTemplate":"https:\/\/bikeandstay.no\/?s={search_term_string}"},"query-input":"required name=search_term_string"}],"inLanguage":"sv-SE"}]}},"_links":{"self":[{"href":"https:\/\/bikeandstay.no\/sv\/wp-json\/wp\/v2\/pages\/918"}],"collection":[{"href":"https:\/\/bikeandstay.no\/sv\/wp-json\/wp\/v2\/pages"}],"about":[{"href":"https:\/\/bikeandstay.no\/sv\/wp-json\/wp\/v2\/types\/page"}],"author":[{"embeddable":true,"href":"https:\/\/bikeandstay.no\/sv\/wp-json\/wp\/v2\/users\/1"}],"replies":[{"embeddable":true,"href":"https:\/\/bikeandstay.no\/sv\/wp-json\/wp\/v2\/comments?post=918"}],"version-history":[{"count":5,"href":"https:\/\/bikeandstay.no\/sv\/wp-json\/wp\/v2\/pages\/918\/revisions"}],"predecessor-version":[{"id":1093,"href":"https:\/\/bikeandstay.no\/sv\/wp-json\/wp\/v2\/pages\/918\/revisions\/1093"}],"wp:attachment":[{"href":"https:\/\/bikeandstay.no\/sv\/wp-json\/wp\/v2\/media?parent=918"}],"curies":[{"name":"wp","href":"https:\/\/api.w.org\/{rel}","templated":true}]}}