{"id":977,"date":"2019-10-01T16:19:02","date_gmt":"2019-10-01T14:19:02","guid":{"rendered":"https:\/\/bikeandstay.no\/cykla-pa-mallorca\/"},"modified":"2019-10-01T22:16:50","modified_gmt":"2019-10-01T20:16:50","slug":"cykla-pa-mallorca","status":"publish","type":"page","link":"https:\/\/bikeandstay.no\/sv\/cykla-pa-mallorca\/","title":{"rendered":"Cykla p\u00e5 Mallorca"},"content":{"rendered":"\t\t<div data-elementor-type=\"wp-page\" data-elementor-id=\"977\" class=\"elementor elementor-977 elementor-57\" data-elementor-post-type=\"page\">\n\t\t\t\t\t\t\t\t\t<section class=\"elementor-section elementor-top-section elementor-element elementor-element-b177787 elementor-section-boxed elementor-section-height-default elementor-section-height-default\" data-id=\"b177787\" data-element_type=\"section\">\n\t\t\t\t\t\t<div class=\"elementor-container elementor-column-gap-default\">\n\t\t\t\t\t<div class=\"elementor-column elementor-col-100 elementor-top-column elementor-element elementor-element-15fc888\" data-id=\"15fc888\" data-element_type=\"column\">\n\t\t\t<div class=\"elementor-widget-wrap elementor-element-populated\">\n\t\t\t\t\t\t\t\t<div class=\"elementor-element elementor-element-f6a8446 elementor-widget elementor-widget-heading\" data-id=\"f6a8446\" data-element_type=\"widget\" data-widget_type=\"heading.default\">\n\t\t\t\t<div class=\"elementor-widget-container\">\n\t\t\t<h1 class=\"elementor-heading-title elementor-size-default\">Cykla p\u00e5 Mallorca<\/h1>\t\t<\/div>\n\t\t\t\t<\/div>\n\t\t\t\t\t<\/div>\n\t\t<\/div>\n\t\t\t\t\t\t\t<\/div>\n\t\t<\/section>\n\t\t\t\t<section class=\"elementor-section elementor-top-section elementor-element elementor-element-00c2882 elementor-section-boxed elementor-section-height-default elementor-section-height-default\" data-id=\"00c2882\" data-element_type=\"section\">\n\t\t\t\t\t\t<div class=\"elementor-container elementor-column-gap-default\">\n\t\t\t\t\t<div class=\"elementor-column elementor-col-50 elementor-top-column elementor-element elementor-element-6aad903\" data-id=\"6aad903\" data-element_type=\"column\">\n\t\t\t<div class=\"elementor-widget-wrap elementor-element-populated\">\n\t\t\t\t\t\t\t\t<div class=\"elementor-element elementor-element-8e5b7f4 elementor-widget elementor-widget-text-editor\" data-id=\"8e5b7f4\" data-element_type=\"widget\" data-widget_type=\"text-editor.default\">\n\t\t\t\t<div class=\"elementor-widget-container\">\n\t\t\t\t\t\t\t<p>H\u00e4r finns m\u00e5nga natursk\u00f6na v\u00e4gar att v\u00e4lja mellan f\u00f6r b\u00e5de hobbycyklister och proffs. M\u00e5nga cykellag kommer hit under tidig v\u00e5r f\u00f6r att under l\u00e5nga, ljusa och ljumma dagar kunna avverka dubbla tr\u00e4ningspass innan de stora cykelloppen b\u00f6rjar.<\/p>\n<p>I norr utg\u00e5r ni fr\u00e5n Alcudiabukten och i s\u00f6der fr\u00e5n Playa de Palma. Ni cyklar bland pinjeskogar och mysiga byar eller l\u00e4ngs kusten och njuter av havets fl\u00e4ktar.<br \/>Gillar ni utmaningar kan ni ge er upp i bergen d\u00e4r ni bel\u00f6nas med fantastisk utsikt. Mallorca bjuder p\u00e5 v\u00e4lsk\u00f6tta, tydligt skyltade v\u00e4gar i en varierad natur.<\/p>\n\t\t\t\t\t\t<\/div>\n\t\t\t\t<\/div>\n\t\t\t\t\t<\/div>\n\t\t<\/div>\n\t\t\t\t<div class=\"elementor-column elementor-col-50 elementor-top-column elementor-element elementor-element-326debf\" data-id=\"326debf\" data-element_type=\"column\">\n\t\t\t<div class=\"elementor-widget-wrap elementor-element-populated\">\n\t\t\t\t\t\t\t\t<div class=\"elementor-element elementor-element-3aeaca3 elementor-cta--skin-classic elementor-animated-content elementor-bg-transform elementor-bg-transform-zoom-in elementor-widget elementor-widget-call-to-action\" data-id=\"3aeaca3\" data-element_type=\"widget\" data-widget_type=\"call-to-action.default\">\n\t\t\t\t<div class=\"elementor-widget-container\">\n\t\t\t\t\t<div class=\"elementor-cta\">\n\t\t\t\t\t<div class=\"elementor-cta__bg-wrapper\">\n\t\t\t\t<div class=\"elementor-cta__bg elementor-bg\" style=\"background-image: url(https:\/\/bikeandstay.no\/wp-content\/uploads\/el_cid_bike_garage.jpg);\" role=\"img\" aria-label=\"el_cid_bike_garage\"><\/div>\n\t\t\t\t<div class=\"elementor-cta__bg-overlay\"><\/div>\n\t\t\t<\/div>\n\t\t\t\t\t\t\t<div class=\"elementor-cta__content\">\n\t\t\t\t\n\t\t\t\t\t\t\t\t\t<span class=\"elementor-cta__title elementor-cta__content-item elementor-content-item\">\n\t\t\t\t\t\tHitta cykelhotell p\u00e5 Mallorca\t\t\t\t\t<\/span>\n\t\t\t\t\n\t\t\t\t\t\t\t\t\t<div class=\"elementor-cta__description elementor-cta__content-item elementor-content-item\">\n\t\t\t\t\t\t<p>Mer information och bokning <\/p>\n\t\t\t\t\t<\/div>\n\t\t\t\t\n\t\t\t\t\t\t\t\t\t<div class=\"elementor-cta__button-wrapper elementor-cta__content-item elementor-content-item \">\n\t\t\t\t\t<a class=\"elementor-cta__button elementor-button elementor-size-sm\" href=\"https:\/\/bikeandstay.no\/sv\/hotell-mallorca\/\">\n\t\t\t\t\t\tVISA ALLA HOTELL\t\t\t\t\t<\/a>\n\t\t\t\t\t<\/div>\n\t\t\t\t\t\t\t<\/div>\n\t\t\t\t\t\t<\/div>\n\t\t\t\t<\/div>\n\t\t\t\t<\/div>\n\t\t\t\t\t<\/div>\n\t\t<\/div>\n\t\t\t\t\t\t\t<\/div>\n\t\t<\/section>\n\t\t\t\t\t\t\t<\/div>\n\t\t","protected":false},"excerpt":{"rendered":"<p>Cykla p\u00e5 Mallorca H\u00e4r finns m\u00e5nga natursk\u00f6na v\u00e4gar att v\u00e4lja mellan f\u00f6r b\u00e5de hobbycyklister och proffs. M\u00e5nga cykellag kommer hit under tidig v\u00e5r f\u00f6r att under l\u00e5nga, ljusa och ljumma dagar kunna avverka dubbla tr\u00e4ningspass innan de stora cykelloppen b\u00f6rjar. I norr utg\u00e5r ni fr\u00e5n Alcudiabukten och i s\u00f6der fr\u00e5n Playa de Palma. Ni cyklar [&hellip;]<\/p>\n","protected":false},"author":1,"featured_media":0,"parent":0,"menu_order":0,"comment_status":"closed","ping_status":"closed","template":"","meta":{"footnotes":""},"yoast_head":"<!-- This site is optimized with the Yoast SEO plugin v21.1 - https:\/\/yoast.com\/wordpress\/plugins\/seo\/ -->\n<title>Cykla p\u00e5 Mallorca - Bike and stay<\/title>\n<meta name=\"robots\" content=\"index, follow, max-snippet:-1, max-image-preview:large, max-video-preview:-1\" \/>\n<link rel=\"canonical\" href=\"https:\/\/bikeandstay.no\/sv\/cykla-pa-mallorca\/\" \/>\n<meta property=\"og:locale\" content=\"sv_SE\" \/>\n<meta property=\"og:type\" content=\"article\" \/>\n<meta property=\"og:title\" content=\"Cykla p\u00e5 Mallorca - Bike and stay\" \/>\n<meta property=\"og:description\" content=\"Cykla p\u00e5 Mallorca H\u00e4r finns m\u00e5nga natursk\u00f6na v\u00e4gar att v\u00e4lja mellan f\u00f6r b\u00e5de hobbycyklister och proffs. M\u00e5nga cykellag kommer hit under tidig v\u00e5r f\u00f6r att under l\u00e5nga, ljusa och ljumma dagar kunna avverka dubbla tr\u00e4ningspass innan de stora cykelloppen b\u00f6rjar. I norr utg\u00e5r ni fr\u00e5n Alcudiabukten och i s\u00f6der fr\u00e5n Playa de Palma. Ni cyklar [&hellip;]\" \/>\n<meta property=\"og:url\" content=\"https:\/\/bikeandstay.no\/sv\/cykla-pa-mallorca\/\" \/>\n<meta property=\"og:site_name\" content=\"Bike and stay\" \/>\n<meta property=\"article:modified_time\" content=\"2019-10-01T20:16:50+00:00\" \/>\n<meta name=\"twitter:card\" content=\"summary_large_image\" \/>\n<meta name=\"twitter:label1\" content=\"Ber\u00e4knad l\u00e4stid\" \/>\n\t<meta name=\"twitter:data1\" content=\"1 minut\" \/>\n<script type=\"application\/ld+json\" class=\"yoast-schema-graph\">{\"@context\":\"https:\/\/schema.org\",\"@graph\":[{\"@type\":\"WebPage\",\"@id\":\"https:\/\/bikeandstay.no\/sv\/cykla-pa-mallorca\/\",\"url\":\"https:\/\/bikeandstay.no\/sv\/cykla-pa-mallorca\/\",\"name\":\"Cykla p\u00e5 Mallorca - Bike and stay\",\"isPartOf\":{\"@id\":\"https:\/\/bikeandstay.no\/#website\"},\"datePublished\":\"2019-10-01T14:19:02+00:00\",\"dateModified\":\"2019-10-01T20:16:50+00:00\",\"breadcrumb\":{\"@id\":\"https:\/\/bikeandstay.no\/sv\/cykla-pa-mallorca\/#breadcrumb\"},\"inLanguage\":\"sv-SE\",\"potentialAction\":[{\"@type\":\"ReadAction\",\"target\":[\"https:\/\/bikeandstay.no\/sv\/cykla-pa-mallorca\/\"]}]},{\"@type\":\"BreadcrumbList\",\"@id\":\"https:\/\/bikeandstay.no\/sv\/cykla-pa-mallorca\/#breadcrumb\",\"itemListElement\":[{\"@type\":\"ListItem\",\"position\":1,\"name\":\"Home\",\"item\":\"https:\/\/bikeandstay.no\/sv\/\"},{\"@type\":\"ListItem\",\"position\":2,\"name\":\"Cykla p\u00e5 Mallorca\"}]},{\"@type\":\"WebSite\",\"@id\":\"https:\/\/bikeandstay.no\/#website\",\"url\":\"https:\/\/bikeandstay.no\/\",\"name\":\"Bike and stay\",\"description\":\"\",\"potentialAction\":[{\"@type\":\"SearchAction\",\"target\":{\"@type\":\"EntryPoint\",\"urlTemplate\":\"https:\/\/bikeandstay.no\/?s={search_term_string}\"},\"query-input\":\"required name=search_term_string\"}],\"inLanguage\":\"sv-SE\"}]}<\/script>\n<!-- \/ Yoast SEO plugin. -->","yoast_head_json":{"title":"Cykla p\u00e5 Mallorca - Bike and stay","robots":{"index":"index","follow":"follow","max-snippet":"max-snippet:-1","max-image-preview":"max-image-preview:large","max-video-preview":"max-video-preview:-1"},"canonical":"https:\/\/bikeandstay.no\/sv\/cykla-pa-mallorca\/","og_locale":"sv_SE","og_type":"article","og_title":"Cykla p\u00e5 Mallorca - Bike and stay","og_description":"Cykla p\u00e5 Mallorca H\u00e4r finns m\u00e5nga natursk\u00f6na v\u00e4gar att v\u00e4lja mellan f\u00f6r b\u00e5de hobbycyklister och proffs. M\u00e5nga cykellag kommer hit under tidig v\u00e5r f\u00f6r att under l\u00e5nga, ljusa och ljumma dagar kunna avverka dubbla tr\u00e4ningspass innan de stora cykelloppen b\u00f6rjar. I norr utg\u00e5r ni fr\u00e5n Alcudiabukten och i s\u00f6der fr\u00e5n Playa de Palma. Ni cyklar [&hellip;]","og_url":"https:\/\/bikeandstay.no\/sv\/cykla-pa-mallorca\/","og_site_name":"Bike and stay","article_modified_time":"2019-10-01T20:16:50+00:00","twitter_card":"summary_large_image","twitter_misc":{"Ber\u00e4knad l\u00e4stid":"1 minut"},"schema":{"@context":"https:\/\/schema.org","@graph":[{"@type":"WebPage","@id":"https:\/\/bikeandstay.no\/sv\/cykla-pa-mallorca\/","url":"https:\/\/bikeandstay.no\/sv\/cykla-pa-mallorca\/","name":"Cykla p\u00e5 Mallorca - Bike and stay","isPartOf":{"@id":"https:\/\/bikeandstay.no\/#website"},"datePublished":"2019-10-01T14:19:02+00:00","dateModified":"2019-10-01T20:16:50+00:00","breadcrumb":{"@id":"https:\/\/bikeandstay.no\/sv\/cykla-pa-mallorca\/#breadcrumb"},"inLanguage":"sv-SE","potentialAction":[{"@type":"ReadAction","target":["https:\/\/bikeandstay.no\/sv\/cykla-pa-mallorca\/"]}]},{"@type":"BreadcrumbList","@id":"https:\/\/bikeandstay.no\/sv\/cykla-pa-mallorca\/#breadcrumb","itemListElement":[{"@type":"ListItem","position":1,"name":"Home","item":"https:\/\/bikeandstay.no\/sv\/"},{"@type":"ListItem","position":2,"name":"Cykla p\u00e5 Mallorca"}]},{"@type":"WebSite","@id":"https:\/\/bikeandstay.no\/#website","url":"https:\/\/bikeandstay.no\/","name":"Bike and stay","description":"","potentialAction":[{"@type":"SearchAction","target":{"@type":"EntryPoint","urlTemplate":"https:\/\/bikeandstay.no\/?s={search_term_string}"},"query-input":"required name=search_term_string"}],"inLanguage":"sv-SE"}]}},"_links":{"self":[{"href":"https:\/\/bikeandstay.no\/sv\/wp-json\/wp\/v2\/pages\/977"}],"collection":[{"href":"https:\/\/bikeandstay.no\/sv\/wp-json\/wp\/v2\/pages"}],"about":[{"href":"https:\/\/bikeandstay.no\/sv\/wp-json\/wp\/v2\/types\/page"}],"author":[{"embeddable":true,"href":"https:\/\/bikeandstay.no\/sv\/wp-json\/wp\/v2\/users\/1"}],"replies":[{"embeddable":true,"href":"https:\/\/bikeandstay.no\/sv\/wp-json\/wp\/v2\/comments?post=977"}],"version-history":[{"count":6,"href":"https:\/\/bikeandstay.no\/sv\/wp-json\/wp\/v2\/pages\/977\/revisions"}],"predecessor-version":[{"id":985,"href":"https:\/\/bikeandstay.no\/sv\/wp-json\/wp\/v2\/pages\/977\/revisions\/985"}],"wp:attachment":[{"href":"https:\/\/bikeandstay.no\/sv\/wp-json\/wp\/v2\/media?parent=977"}],"curies":[{"name":"wp","href":"https:\/\/api.w.org\/{rel}","templated":true}]}}